{"id":7037,"date":"2018-11-27T15:53:29","date_gmt":"2018-11-27T15:53:29","guid":{"rendered":"https:\/\/www.lasalavincon.com\/politica-de-cookies\/"},"modified":"2021-02-15T20:02:31","modified_gmt":"2021-02-15T20:02:31","slug":"politica-de-cookies","status":"publish","type":"page","link":"https:\/\/www.lasalavincon.com\/ca\/politica-de-cookies\/","title":{"rendered":"Politica de Cookies"},"content":{"rendered":"<div class=\"fusion-fullwidth fullwidth-box fusion-builder-row-1 nonhundred-percent-fullwidth non-hundred-percent-height-scrolling\" style=\"background-color: #ffffff;background-position: center center;background-repeat: no-repeat;padding-top:0px;padding-right:0px;padding-bottom:0px;padding-left:0px;margin-bottom: 0px;margin-top: 25px;border-width: 0px 0px 0px 0px;border-color:#eae9e9;border-style:solid;\" ><div class=\"fusion-builder-row fusion-row\"><div class=\"fusion-layout-column fusion_builder_column fusion-builder-column-0 fusion_builder_column_1_1 1_1 fusion-one-full fusion-column-first fusion-column-last\" style=\"margin-top:0px;margin-bottom:0px;\"><div class=\"fusion-column-wrapper fusion-flex-column-wrapper-legacy\" style=\"background-position:left top;background-repeat:no-repeat;-webkit-background-size:cover;-moz-background-size:cover;-o-background-size:cover;background-size:cover;padding: 0px 0px 0px 0px;\"><div class=\"fusion-text fusion-text-1\"><h1><strong>POL\u00cdTICA DE COOKIES<\/strong><\/h1>\n<p><strong>INFORMACI\u00d3 SOBRE LES COOKIES<\/strong><\/p>\n<p>A causa de l&#8217;entrada en vigor de la referent modificaci\u00f3 de la &#8220;Llei de Serveis de la Societat de la Informaci\u00f3&#8221; (LSSICE) establerta pel Reial Decret 13\/2012, \u00e9s d&#8217;obligaci\u00f3 obtenir el consentiment expr\u00e9s de l&#8217;usuari de totes les p\u00e0gines web que utilitzen cookies prescindibles, abans que aquest navegui per elles.<\/p>\n<p><strong>QU\u00c8 S\u00d3N LES COOKIES?<\/strong><\/p>\n<p>Les cookies i altres tecnologies similars tals com a local shared objects, flash cookies o p\u00edxels, s\u00f3n eines emprades pels servidors web per emmagatzemar i recuperar informaci\u00f3 sobre els seus visitants, aix\u00ed com per oferir un correcte funcionament del lloc.<\/p>\n<p>Mitjan\u00e7ant l&#8217;\u00fas d&#8217;aquests dispositius es permet al servidor web recordar algunes dades concernents a l&#8217;usuari, com les seves prefer\u00e8ncies per a la visualitzaci\u00f3 de les p\u00e0gines d&#8217;aquest servidor, nom i contrasenya, productes que m\u00e9s li interessen, etc.<\/p>\n<p><strong>COOKIES AFECTADES PER LA NORMATIVA I COOKIES EXEMPTES<\/strong><\/p>\n<p>Segons la directiva de la UE, les cookies que requereixen el consentiment informat per part de l&#8217;usuari s\u00f3n les cookies d&#8217;anal\u00edtica i les de publicitat i afiliaci\u00f3, quedant exceptuades les de car\u00e0cter t\u00e8cnic i les necess\u00e0ries per al funcionament del lloc web o la prestaci\u00f3 de serveis expressament demanats per l&#8217;usuari.<\/p>\n<p><strong>QUIN TIPUS DE COOKIES HI HAN?<\/strong><\/p>\n<p>Sobre els tipus de galetes, hi ha cinc grans grups:<\/p>\n<ul>\n<li>Cookies anal\u00edtiques: recullen informaci\u00f3 de l&#8217;\u00fas que es realitza del lloc web.<\/li>\n<li>Cookies socials: s\u00f3n aquelles necess\u00e0ries per a xarxes socials externes.<\/li>\n<li>Cookies d&#8217;afiliats: permeten fer un seguiment de les visites procedents d&#8217;altres webs, amb les que el lloc web estableix un contracte d\u2018afiliaci\u00f3 (empreses d&#8217;afiliaci\u00f3).<\/li>\n<li>Cookies de publicitat i comportament: recullen informaci\u00f3 sobre les prefer\u00e8ncies i eleccions personals de l&#8217;usuari (retargeting).<\/li>\n<li>Cookies t\u00e8cniques i funcionals: s\u00f3n les estrictament necess\u00e0ries per a l&#8217;\u00fas del lloc web i per a la prestaci\u00f3 del servei contractat.<\/li>\n<\/ul>\n<p><strong>COOKIES QUE UTILITZEM EN EL NOSTRE ESPAI WEB<\/strong><\/p>\n<p>En aquesta web nom\u00e9s s&#8217;utilitzen cookies anal\u00edtiques, t\u00e8cniques i funcionals per a millorar la usabilitat del site.<\/p>\n<p><strong>REVOCACI\u00d3 DEL CONSENTIMENT PER A INSTAL\u00b7LAR COOKIES COM ELIMINAR LES COOKIES DEL NAVEGADOR<\/strong><\/p>\n<p><strong>Chrome<\/strong><\/p>\n<ol>\n<li>Selecciona la icona d&#8217;Eines<\/li>\n<li>Fes clic en Configuraci\u00f3.<\/li>\n<li>Fes clic a Mostrar Opcions Avan\u00e7ades.<\/li>\n<li>En la secci\u00f3 \u00abPrivacitat\u00bb fes clic en Configuraci\u00f3 de contingut.<\/li>\n<\/ol>\n<ul>\n<li>Eliminar cookies: Fes clic en Totes les cookies i les dades de llocs\u2026<\/li>\n<li>No permetre que s&#8217;emmagatzemin cookies.<\/li>\n<\/ul>\n<ol start=\"5\">\n<li>Fes clic a Eliminar dades de navegaci\u00f3 (buidar la Caixet).<\/li>\n<li>Tanca i reinicia el navegador.<\/li>\n<\/ol>\n<p>Per a m\u00e9s informaci\u00f3 sobre Chrome premi aqu\u00ed: http:\/\/support.google.com\/chrome\/answer\/95647?hl=es<\/p>\n<p><strong>Internet Explorer. Versi\u00f3 11<\/strong><\/p>\n<ol>\n<li>Selecciona Eines | Opcions d&#8217;Internet.<\/li>\n<li>Fes clic en la fitxa General.<\/li>\n<li>En la secci\u00f3 \u00abHistorial d&#8217;exploraci\u00f3\u00bb, fes clic a Eliminar l&#8217;historial d&#8217;exploraci\u00f3 en sortir.<\/li>\n<li>Seleccionar Eliminar arxius.<\/li>\n<li>Seleccionar Eliminar cookies.<\/li>\n<li>Fes clic a Eliminar.<\/li>\n<li>Fes clic a Acceptar.<\/li>\n<li>Tanca i reinicia el navegador.<\/li>\n<\/ol>\n<p>Per a m\u00e9s informaci\u00f3 sobre Internet Explorer premi aqu\u00ed:<\/p>\n<p>http:\/\/windows.microsoft.com\/es-419\/windows7\/how-to-manage-cookies-in-internet-explorer-9<\/p>\n<p><strong>Firefox. Versi\u00f3 18<\/strong><\/p>\n<ol>\n<li>Selecciona Firefox | Historial | Netejar l&#8217;historial recent.<\/li>\n<li>Al costat de \u00abDetalls\u00bb, fes clic en la fletxa cap avall.<\/li>\n<li>Selecciona les seg\u00fcents caselles de verificaci\u00f3: Cookies, Caixet, Inicis de sessi\u00f3 actius<\/li>\n<li>Usant l&#8217;\u00abInterval de temps per a esborrar\u00bb en el men\u00fa desplegable, selecciona Tot.<\/li>\n<li>Fes clic a Esborrar ara.<\/li>\n<li>Tanca i reinicia el navegador.<\/li>\n<\/ol>\n<p>Pot acceptar o rebutjar les cookies individualment en les Prefer\u00e8ncies de Firefox, en la secci\u00f3 Historial disponible en<\/p>\n<p>Eines &gt; Opcions &gt; Privacitat.<\/p>\n<p>Per a m\u00e9s informaci\u00f3 sobre Mozilla Firefox premi aqu\u00ed: https:\/\/www.mozilla.org\/es-es\/privacy\/websites\/#cookies<\/p>\n<p><strong>Safari Versi\u00f3 5.1<\/strong><\/p>\n<ol>\n<li>Selecciona la icona de Safari \/ Editar | Restaurar Safari.<\/li>\n<li>Selecciona les seg\u00fcents caselles de verificaci\u00f3: Esborrar l&#8217;historial, Eliminar totes les dades de lloc web<\/li>\n<li>Fes clic a Restablir.<\/li>\n<li>Tanca i reinicia el navegador.<\/li>\n<\/ol>\n<p>Per a m\u00e9s informaci\u00f3 sobre Safari premi aqu\u00ed: http:\/\/support.apple.com\/kb\/ph5042<\/p>\n<p><strong>Opera<\/strong><\/p>\n<p>Opcions \u2013 Avan\u00e7at \u2013 Cookies.<\/p>\n<p>Les opcions de cookies controlen la manera en qu\u00e8 Opera els maneja i per tant la seva acceptaci\u00f3 o rebuig.<\/p>\n<p>Per a m\u00e9s informaci\u00f3 sobre \u00d2pera premi aqu\u00ed: http:\/\/help.opera.com\/linux\/10.60\/es-es\/cookies.html<\/p>\n<p><strong>Altres navegadors<\/strong><\/p>\n<p>Consulti la documentaci\u00f3 del navegador que tingui instal\u00b7lat.<\/p>\n<\/div><div class=\"fusion-clearfix\"><\/div><\/div><\/div><\/div><\/div>\n","protected":false},"excerpt":{"rendered":"","protected":false},"author":1,"featured_media":0,"parent":0,"menu_order":0,"comment_status":"closed","ping_status":"closed","template":"100-width.php","meta":{"footnotes":""},"class_list":["post-7037","page","type-page","status-publish","hentry"],"_links":{"self":[{"href":"https:\/\/www.lasalavincon.com\/ca\/wp-json\/wp\/v2\/pages\/7037","targetHints":{"allow":["GET"]}}],"collection":[{"href":"https:\/\/www.lasalavincon.com\/ca\/wp-json\/wp\/v2\/pages"}],"about":[{"href":"https:\/\/www.lasalavincon.com\/ca\/wp-json\/wp\/v2\/types\/page"}],"author":[{"embeddable":true,"href":"https:\/\/www.lasalavincon.com\/ca\/wp-json\/wp\/v2\/users\/1"}],"replies":[{"embeddable":true,"href":"https:\/\/www.lasalavincon.com\/ca\/wp-json\/wp\/v2\/comments?post=7037"}],"version-history":[{"count":3,"href":"https:\/\/www.lasalavincon.com\/ca\/wp-json\/wp\/v2\/pages\/7037\/revisions"}],"predecessor-version":[{"id":12498,"href":"https:\/\/www.lasalavincon.com\/ca\/wp-json\/wp\/v2\/pages\/7037\/revisions\/12498"}],"wp:attachment":[{"href":"https:\/\/www.lasalavincon.com\/ca\/wp-json\/wp\/v2\/media?parent=7037"}],"curies":[{"name":"wp","href":"https:\/\/api.w.org\/{rel}","templated":true}]}}