{"id":7033,"date":"2019-01-22T07:11:31","date_gmt":"2019-01-22T07:11:31","guid":{"rendered":"https:\/\/www.lasalavincon.com\/la-sala-vincon\/"},"modified":"2022-07-01T06:04:25","modified_gmt":"2022-07-01T06:04:25","slug":"la-sala-vincon","status":"publish","type":"page","link":"https:\/\/www.lasalavincon.com\/ca\/","title":{"rendered":"La Sala Vin\u00e7on"},"content":{"rendered":"<p><div id=\"fusion-scroll-section-1\" class=\"fusion-scroll-section\" data-section=\"1\" ><div class=\"fusion-scroll-section-element active\" data-section=\"1\" data-element=\"1\" style=\"transition-duration:450ms;&quot;\" ><div class=\"fusion-fullwidth fullwidth-box fusion-builder-row-1 nonhundred-percent-fullwidth hundred-percent-height hundred-percent-height-center-content hundred-percent-height-scrolling fusion-equal-height-columns\" style=\"background-color: #ffffff;background-position: left top;background-repeat: no-repeat;padding-top:65px;padding-right:0px;padding-bottom:50px;padding-left:0px;margin-bottom: 0px;margin-top: 0px;border-width: 0px 0px 0px 0px;border-color:#c6c6c6;border-style:solid;\" ><div class=\"fusion-fullwidth-center-content\"><div class=\"fusion-builder-row fusion-row\"><div class=\"fusion-layout-column fusion_builder_column fusion-builder-column-0 fusion_builder_column_1_2 1_2 fusion-one-half fusion-column-first\" style=\"width:48%; margin-right: 4%;margin-top:0px;margin-bottom:0px;\"><div class=\"fusion-column-wrapper fusion-flex-column-wrapper-legacy\" style=\"background-position:left top;background-repeat:no-repeat;-webkit-background-size:cover;-moz-background-size:cover;-o-background-size:cover;background-size:cover;padding: 0px 0px 0px 0px;\"><div class=\"fusion-column-content-centered\"><div class=\"fusion-column-content\"><span class=\" fusion-imageframe imageframe-none imageframe-1 hover-type-none\"><img decoding=\"async\" width=\"1000\" height=\"1000\" title=\"02\" src=\"https:\/\/www.lasalavincon.com\/wp-content\/uploads\/2021\/02\/02.jpg\" alt class=\"img-responsive wp-image-12346\" srcset=\"https:\/\/www.lasalavincon.com\/wp-content\/uploads\/2021\/02\/02-200x200.jpg 200w, https:\/\/www.lasalavincon.com\/wp-content\/uploads\/2021\/02\/02-400x400.jpg 400w, https:\/\/www.lasalavincon.com\/wp-content\/uploads\/2021\/02\/02-600x600.jpg 600w, https:\/\/www.lasalavincon.com\/wp-content\/uploads\/2021\/02\/02-800x800.jpg 800w, https:\/\/www.lasalavincon.com\/wp-content\/uploads\/2021\/02\/02.jpg 1000w\" sizes=\"(max-width: 800px) 100vw, 800px\" \/><\/span><\/div><\/div><div class=\"fusion-clearfix\"><\/div><\/div><\/div><div class=\"fusion-layout-column fusion_builder_column fusion-builder-column-1 fusion_builder_column_1_2 1_2 fusion-one-half fusion-column-last\" style=\"width:48%;margin-top:0px;margin-bottom:0px;\"><div class=\"fusion-column-wrapper fusion-flex-column-wrapper-legacy\" style=\"background-position:left top;background-repeat:no-repeat;-webkit-background-size:cover;-moz-background-size:cover;-o-background-size:cover;background-size:cover;padding: 0px 0px 0px 0px;\"><div class=\"fusion-column-content-centered\"><div class=\"fusion-column-content\"><div class=\"fusion-sep-clear\"><\/div><div class=\"fusion-separator fusion-no-large-visibility fusion-full-width-sep\" style=\"margin-left: auto;margin-right: auto;margin-top:50px;width:100%;\"><\/div><div class=\"fusion-sep-clear\"><\/div><div class=\"fusion-text fusion-text-1\" style=\"font-size:17px;\"><p><span style=\"color: #000000;\">La Sala Vin\u00e7on estava situada a l\u2019interior de la botiga Vin\u00e7on, ocupant el que va ser a principis del segle XX l\u2019estudi del pintor Ram\u00f3n Casas. Al 1973, Fernando Amat va recuperar aquest espai, que de bon principi es va definir com una sala multidisciplinar i no comercial, on es presentaven les manifestacions art\u00edstiques i culturals del moment que s\u2019apartaven de les v\u00edes tradicionals d\u2019exhibici\u00f3.<\/span><\/p>\n<p><span style=\"color: #000000;\">Artistes, arquitectes, dissenyadors, fot\u00f3grafs, locals o internacionals, van exhibir la seva creativitat en aquest espai. Entre altres, Alessandro Mendini, Javier Mariscal, Studio Per, Ingo Maurer, Denis Santachiara, Navarro Baldeweg, Julian Schnabel, Ron Arad, Philippe Starck, America Sanchez, Joost Swarte, Toshiyuki Kita, Peret, Maria Espeus, Water Studio i tans altres.<\/span><\/p>\n<\/div><\/div><\/div><div class=\"fusion-clearfix\"><\/div><\/div><\/div><\/div><\/div><\/div><\/div><div class=\"fusion-scroll-section-element\" data-section=\"1\" data-element=\"2\" style=\"transition-duration:450ms;&quot;\" ><div class=\"fusion-fullwidth fullwidth-box fusion-builder-row-2 nonhundred-percent-fullwidth hundred-percent-height hundred-percent-height-center-content hundred-percent-height-scrolling fusion-equal-height-columns\" style=\"background-color: #ffffff;background-position: left top;background-repeat: no-repeat;padding-top:65px;padding-right:0px;padding-bottom:50px;padding-left:0px;margin-bottom: 0px;margin-top: 0px;border-width: 0px 0px 0px 0px;border-color:#c6c6c6;border-style:solid;\" ><div class=\"fusion-fullwidth-center-content\"><div class=\"fusion-builder-row fusion-row\"><div class=\"fusion-layout-column fusion_builder_column fusion-builder-column-2 fusion_builder_column_1_2 1_2 fusion-one-half fusion-column-first\" style=\"width:48%; margin-right: 4%;margin-top:0px;margin-bottom:0px;\"><div class=\"fusion-column-wrapper fusion-flex-column-wrapper-legacy\" style=\"background-position:left top;background-repeat:no-repeat;-webkit-background-size:cover;-moz-background-size:cover;-o-background-size:cover;background-size:cover;padding: 0px 0px 0px 0px;\"><div class=\"fusion-column-content-centered\"><div class=\"fusion-column-content\"><span class=\" fusion-imageframe imageframe-none imageframe-2 hover-type-none\"><img decoding=\"async\" width=\"1000\" height=\"1000\" title=\"03\" src=\"https:\/\/www.lasalavincon.com\/wp-content\/uploads\/2021\/02\/03.jpg\" alt class=\"img-responsive wp-image-12349\" srcset=\"https:\/\/www.lasalavincon.com\/wp-content\/uploads\/2021\/02\/03-200x200.jpg 200w, https:\/\/www.lasalavincon.com\/wp-content\/uploads\/2021\/02\/03-400x400.jpg 400w, https:\/\/www.lasalavincon.com\/wp-content\/uploads\/2021\/02\/03-600x600.jpg 600w, https:\/\/www.lasalavincon.com\/wp-content\/uploads\/2021\/02\/03-800x800.jpg 800w, https:\/\/www.lasalavincon.com\/wp-content\/uploads\/2021\/02\/03.jpg 1000w\" sizes=\"(max-width: 800px) 100vw, 800px\" \/><\/span><\/div><\/div><div class=\"fusion-clearfix\"><\/div><\/div><\/div><div class=\"fusion-layout-column fusion_builder_column fusion-builder-column-3 fusion_builder_column_1_2 1_2 fusion-one-half fusion-column-last\" style=\"width:48%;margin-top:0px;margin-bottom:0px;\"><div class=\"fusion-column-wrapper fusion-flex-column-wrapper-legacy\" style=\"background-position:left top;background-repeat:no-repeat;-webkit-background-size:cover;-moz-background-size:cover;-o-background-size:cover;background-size:cover;padding: 0px 0px 0px 0px;\"><div class=\"fusion-column-content-centered\"><div class=\"fusion-column-content\"><div class=\"fusion-sep-clear\"><\/div><div class=\"fusion-separator fusion-no-large-visibility fusion-full-width-sep\" style=\"margin-left: auto;margin-right: auto;margin-top:50px;width:100%;\"><\/div><div class=\"fusion-sep-clear\"><\/div><div class=\"fusion-text fusion-text-2\" style=\"font-size:17px;\"><p>Un total de 320 exhibicions es van presentar a La Sala en 42 anys d&#8217;activitat, amb bon ritme i bona aflu\u00e8ncia de p\u00fablic, sent un reflexe del que culturalment estava succeint a la ciutat i m\u00e9s enll\u00e0.<\/p>\n<p>Durant aquests 42 anys varies persones van coordinar aquest espai: Fina Miralles, Pucci Vilurbina, Conxi Sitges, Eva Pom\u00e9, Marina Nogueira, Loles Duran, Pia Jard\u00ed, Clara Renau, Sandra Amat, Sergi Amat i Fernando Amat.<\/p>\n<\/div><\/div><\/div><div class=\"fusion-clearfix\"><\/div><\/div><\/div><\/div><\/div><\/div><\/div><div class=\"fusion-scroll-section-element\" data-section=\"1\" data-element=\"3\" style=\"transition-duration:450ms;&quot;\" ><div class=\"fusion-fullwidth fullwidth-box fusion-builder-row-3 nonhundred-percent-fullwidth hundred-percent-height hundred-percent-height-center-content hundred-percent-height-scrolling fusion-equal-height-columns\" style=\"background-color: #ffffff;background-position: left top;background-repeat: no-repeat;padding-top:65px;padding-right:0px;padding-bottom:50px;padding-left:0px;margin-bottom: 0px;margin-top: 0px;border-width: 0px 0px 0px 0px;border-color:#c6c6c6;border-style:solid;\" ><div class=\"fusion-fullwidth-center-content\"><div class=\"fusion-builder-row fusion-row\"><div class=\"fusion-layout-column fusion_builder_column fusion-builder-column-4 fusion_builder_column_1_6 1_6 fusion-one-sixth fusion-column-first\" style=\"width:13.3333%; margin-right: 4%;margin-top:0px;margin-bottom:0px;\"><div class=\"fusion-column-wrapper fusion-flex-column-wrapper-legacy\" style=\"background-position:left top;background-repeat:no-repeat;-webkit-background-size:cover;-moz-background-size:cover;-o-background-size:cover;background-size:cover;padding: 0px 0px 0px 0px;\"><div class=\"fusion-column-content-centered\"><div class=\"fusion-column-content\"><div class=\"fusion-sep-clear\"><\/div><div class=\"fusion-separator\" style=\"margin-left: auto;margin-right: auto;margin-top:35px;margin-bottom:35px;width:100%;max-width:35px;\"><\/div><div class=\"fusion-sep-clear\"><\/div><\/div><\/div><div class=\"fusion-clearfix\"><\/div><\/div><\/div><div class=\"fusion-layout-column fusion_builder_column fusion-builder-column-5 fusion_builder_column_1_6 1_6 fusion-one-sixth fusion-no-large-visibility\" style=\"width:13.3333%; margin-right: 4%;margin-top:0px;margin-bottom:0px;\"><div class=\"fusion-column-wrapper fusion-flex-column-wrapper-legacy\" style=\"background-position:left top;background-repeat:no-repeat;-webkit-background-size:cover;-moz-background-size:cover;-o-background-size:cover;background-size:cover;padding: 0px 0px 0px 0px;\"><div class=\"fusion-column-content-centered\"><div class=\"fusion-column-content\"><div class=\"fusion-text fusion-text-3\" style=\"font-size:20px;\"><p><strong>Selecciona<\/strong><\/p>\n<\/div><\/div><\/div><div class=\"fusion-clearfix\"><\/div><\/div><\/div><div class=\"fusion-layout-column fusion_builder_column fusion-builder-column-6 fusion_builder_column_1_4 1_4 fusion-one-fourth\" style=\"width:22%; margin-right: 4%;margin-top:0px;margin-bottom:0px;\"><div class=\"fusion-column-wrapper fusion-flex-column-wrapper-legacy\" style=\"background-position:left top;background-repeat:no-repeat;-webkit-background-size:cover;-moz-background-size:cover;-o-background-size:cover;background-size:cover;padding: 0px 0px 0px 0px;\"><div class=\"fusion-column-content-centered\"><div class=\"fusion-column-content\"><div class=\"fusion-button-wrapper\"><style>.fusion-body .fusion-button.button-1 .fusion-button-text,.fusion-body .fusion-button.button-1 i{color:#000000;}.fusion-body .fusion-button.button-1{border-color:#000000;border-width:1px 1px 1px 1px;border-radius:2px 2px 2px 2px;background:#ffffff;}.fusion-body .fusion-button.button-1:hover .fusion-button-text,.fusion-body .fusion-button.button-1:hover i,.fusion-body .fusion-button.button-1:focus .fusion-button-text,.fusion-body .fusion-button.button-1:focus i,.fusion-body .fusion-button.button-1:active .fusion-button-text,.fusion-body .fusion-button.button-1:active i{color:#ffffff;}.fusion-body .fusion-button.button-1:hover,.fusion-body .fusion-button.button-1:active,.fusion-body .fusion-button.button-1:focus{border-color:#000000;border-width:1px 1px 1px 1px;background:#000000;}<\/style><a class=\"fusion-button button-flat fusion-button-default-size button-custom button-1 fusion-button-default-span fusion-button-default-type\" target=\"_self\" href=\"https:\/\/www.lasalavincon.com\/ca\/autors\/\"><span class=\"fusion-button-text\">AUTORS<\/span><\/a><\/div><\/div><\/div><div class=\"fusion-clearfix\"><\/div><\/div><\/div><div class=\"fusion-layout-column fusion_builder_column fusion-builder-column-7 fusion_builder_column_1_6 1_6 fusion-one-sixth\" style=\"width:13.3333%; margin-right: 4%;margin-top:0px;margin-bottom:0px;\"><div class=\"fusion-column-wrapper fusion-flex-column-wrapper-legacy\" style=\"background-position:left top;background-repeat:no-repeat;-webkit-background-size:cover;-moz-background-size:cover;-o-background-size:cover;background-size:cover;padding: 0px 0px 0px 0px;\"><div class=\"fusion-column-content-centered\"><div class=\"fusion-column-content\"><div class=\"fusion-sep-clear\"><\/div><div class=\"fusion-separator\" style=\"margin-left: auto;margin-right: auto;margin-top:35px;margin-bottom:35px;width:100%;max-width:35px;\"><\/div><div class=\"fusion-sep-clear\"><\/div><\/div><\/div><div class=\"fusion-clearfix\"><\/div><\/div><\/div><div class=\"fusion-layout-column fusion_builder_column fusion-builder-column-8 fusion_builder_column_1_4 1_4 fusion-one-fourth fusion-column-last\" style=\"width:22%;margin-top:0px;margin-bottom:0px;\"><div class=\"fusion-column-wrapper fusion-flex-column-wrapper-legacy\" style=\"background-position:left top;background-repeat:no-repeat;-webkit-background-size:cover;-moz-background-size:cover;-o-background-size:cover;background-size:cover;padding: 0px 0px 0px 0px;\"><div class=\"fusion-column-content-centered\"><div class=\"fusion-column-content\"><div class=\"fusion-button-wrapper\"><style>.fusion-body .fusion-button.button-2 .fusion-button-text,.fusion-body .fusion-button.button-2 i{color:#000000;}.fusion-body .fusion-button.button-2{border-color:#000000;border-width:1px 1px 1px 1px;border-radius:2px 2px 2px 2px;background:#ffffff;}.fusion-body .fusion-button.button-2:hover .fusion-button-text,.fusion-body .fusion-button.button-2:hover i,.fusion-body .fusion-button.button-2:focus .fusion-button-text,.fusion-body .fusion-button.button-2:focus i,.fusion-body .fusion-button.button-2:active .fusion-button-text,.fusion-body .fusion-button.button-2:active i{color:#ffffff;}.fusion-body .fusion-button.button-2:hover,.fusion-body .fusion-button.button-2:active,.fusion-body .fusion-button.button-2:focus{border-color:#000000;border-width:1px 1px 1px 1px;background:#000000;}<\/style><a class=\"fusion-button button-flat fusion-button-default-size button-custom button-2 fusion-button-default-span fusion-button-default-type\" target=\"_self\" href=\"https:\/\/www.lasalavincon.com\/ca\/exposicions\/\"><span class=\"fusion-button-text\">EXPOSICIONS<\/span><\/a><\/div><\/div><\/div><div class=\"fusion-clearfix\"><\/div><\/div><\/div><div class=\"fusion-layout-column fusion_builder_column fusion-builder-column-9 fusion_builder_column_1_6 1_6 fusion-one-sixth fusion-column-first\" style=\"width:13.3333%; margin-right: 4%;margin-top:0px;margin-bottom:0px;\"><div class=\"fusion-column-wrapper fusion-flex-column-wrapper-legacy\" style=\"background-position:left top;background-repeat:no-repeat;-webkit-background-size:cover;-moz-background-size:cover;-o-background-size:cover;background-size:cover;padding: 0px 0px 0px 0px;\"><div class=\"fusion-column-content-centered\"><div class=\"fusion-column-content\"><div class=\"fusion-sep-clear\"><\/div><div class=\"fusion-separator\" style=\"margin-left: auto;margin-right: auto;margin-top:35px;margin-bottom:35px;width:100%;max-width:35px;\"><\/div><div class=\"fusion-sep-clear\"><\/div><\/div><\/div><div class=\"fusion-clearfix\"><\/div><\/div><\/div><\/div><\/div><\/div><\/div><nav id=\"fusion-scroll-section-nav-1\" class=\"fusion-scroll-section-nav scroll-navigation-right\" data-section=\"1\" ><ul><li><a href=\"#fusion-scroll-section-element-1-1\" class=\"fusion-scroll-section-link\" data-name=\"\" data-element=\"1\"><span class=\"fusion-scroll-section-link-bullet\"><\/span><\/a><\/li><li><a href=\"#fusion-scroll-section-element-1-2\" class=\"fusion-scroll-section-link\" data-name=\"\" data-element=\"2\"><span class=\"fusion-scroll-section-link-bullet\"><\/span><\/a><\/li><li><a href=\"#fusion-scroll-section-element-1-3\" class=\"fusion-scroll-section-link\" data-name=\"Selecciona\" data-element=\"3\"><span class=\"fusion-scroll-section-link-bullet\"><\/span><\/a><\/li><\/ul><\/nav><\/div><\/p>\n","protected":false},"excerpt":{"rendered":"","protected":false},"author":1,"featured_media":0,"parent":0,"menu_order":0,"comment_status":"closed","ping_status":"closed","template":"100-width.php","meta":{"footnotes":""},"class_list":["post-7033","page","type-page","status-publish","hentry"],"_links":{"self":[{"href":"https:\/\/www.lasalavincon.com\/ca\/wp-json\/wp\/v2\/pages\/7033","targetHints":{"allow":["GET"]}}],"collection":[{"href":"https:\/\/www.lasalavincon.com\/ca\/wp-json\/wp\/v2\/pages"}],"about":[{"href":"https:\/\/www.lasalavincon.com\/ca\/wp-json\/wp\/v2\/types\/page"}],"author":[{"embeddable":true,"href":"https:\/\/www.lasalavincon.com\/ca\/wp-json\/wp\/v2\/users\/1"}],"replies":[{"embeddable":true,"href":"https:\/\/www.lasalavincon.com\/ca\/wp-json\/wp\/v2\/comments?post=7033"}],"version-history":[{"count":14,"href":"https:\/\/www.lasalavincon.com\/ca\/wp-json\/wp\/v2\/pages\/7033\/revisions"}],"predecessor-version":[{"id":15108,"href":"https:\/\/www.lasalavincon.com\/ca\/wp-json\/wp\/v2\/pages\/7033\/revisions\/15108"}],"wp:attachment":[{"href":"https:\/\/www.lasalavincon.com\/ca\/wp-json\/wp\/v2\/media?parent=7033"}],"curies":[{"name":"wp","href":"https:\/\/api.w.org\/{rel}","templated":true}]}}